{"id":92,"date":"2025-05-04T17:06:59","date_gmt":"2025-05-04T17:06:59","guid":{"rendered":"https:\/\/bolkowo.pl\/?page_id=92"},"modified":"2026-03-26T18:57:53","modified_gmt":"2026-03-26T18:57:53","slug":"front_page-2","status":"publish","type":"page","link":"https:\/\/bolkowo.pl\/","title":{"rendered":"O NAS"},"content":{"rendered":"\n<p><strong>Bolkowo<\/strong>&nbsp;to uroczy, ma\u0142y sklep &nbsp;po\u0142o\u017cony w malowniczej&nbsp;Dolinie So\u0142y.<\/p>\n\n\n\n<p>To miejsce, gdzie prezent staje si\u0119 pami\u0105tk\u0105, a codzienno\u015b\u0107 zmienia si\u0119 w co\u015b wyj\u0105tkowego.<\/p>\n\n\n\n<p>Nasza ceramika to&nbsp;<strong>idealny prezent<\/strong>&nbsp;\u2013 dla wsp\u00f3\u0142pracownika, klienta, przyjaciela, bliskich\u2026<br>albo po prostu \u2013 dla Ciebie&nbsp;\ud83d\udc99<\/p>\n\n\n\n<p>Znajdziesz u nas r\u0119cznie dekorowan\u0105&nbsp;<strong>ceramik\u0119 boles\u0142awieck\u0105<\/strong>, tworzon\u0105 tradycyjn\u0105 metod\u0105 stempelkow\u0105.<br>Mamy gotowe&nbsp;<strong>zestawy kawowe i obiadowe<\/strong>, mn\u00f3stwo&nbsp;<strong>fili\u017canek, kubk\u00f3w, misek, p\u00f3\u0142misk\u00f3w<\/strong>&nbsp;i innych &nbsp;drobiazg\u00f3w \u2013 w dekoracjach klasycznych i unikatowych.<\/p>\n\n\n\n<p>Naczynia s\u0105 ekologiczne i praktyczne: mo\u017cna je my\u0107 w zmywarce, u\u017cywa\u0107 w mikrofal\u00f3wce i piekarniku.<br>Ale przede wszystkim \u2013 s\u0105 pi\u0119kne. I maj\u0105 dusz\u0119.<\/p>\n\n\n\n<p><strong>Zapraszamy Ci\u0119 do Bolkowa.<\/strong><br>Wyjdziesz z u\u015bmiechem\u2026 i z czym\u015b, co zostanie z Tob\u0105 na d\u0142u\u017cej.<\/p>\n","protected":false},"excerpt":{"rendered":"<p>Bolkowo&nbsp;to uroczy, ma\u0142y sklep &nbsp;po\u0142o\u017cony w malowniczej&nbsp;Dolinie So\u0142y. To miejsce, gdzie prezent staje si\u0119 pami\u0105tk\u0105, a codzienno\u015b\u0107 zmienia si\u0119 w co\u015b wyj\u0105tkowego. Nasza ceramika to&nbsp;idealny prezent&nbsp;\u2013 dla wsp\u00f3\u0142pracownika, klienta, przyjaciela, bliskich\u2026albo po prostu \u2013 dla Ciebie&nbsp;\ud83d\udc99 Znajdziesz u nas r\u0119cznie dekorowan\u0105&nbsp;ceramik\u0119 boles\u0142awieck\u0105, tworzon\u0105 tradycyjn\u0105 metod\u0105 stempelkow\u0105.Mamy gotowe&nbsp;zestawy kawowe i obiadowe, mn\u00f3stwo&nbsp;fili\u017canek, kubk\u00f3w, misek, p\u00f3\u0142misk\u00f3w&nbsp;i innych [&hellip;]<\/p>\n","protected":false},"author":1,"featured_media":0,"parent":0,"menu_order":0,"comment_status":"closed","ping_status":"closed","template":"","meta":{"_kadence_starter_templates_imported_post":false,"footnotes":""},"class_list":["post-92","page","type-page","status-publish","hentry"],"_links":{"self":[{"href":"https:\/\/bolkowo.pl\/index.php?rest_route=\/wp\/v2\/pages\/92","targetHints":{"allow":["GET"]}}],"collection":[{"href":"https:\/\/bolkowo.pl\/index.php?rest_route=\/wp\/v2\/pages"}],"about":[{"href":"https:\/\/bolkowo.pl\/index.php?rest_route=\/wp\/v2\/types\/page"}],"author":[{"embeddable":true,"href":"https:\/\/bolkowo.pl\/index.php?rest_route=\/wp\/v2\/users\/1"}],"replies":[{"embeddable":true,"href":"https:\/\/bolkowo.pl\/index.php?rest_route=%2Fwp%2Fv2%2Fcomments&post=92"}],"version-history":[{"count":2,"href":"https:\/\/bolkowo.pl\/index.php?rest_route=\/wp\/v2\/pages\/92\/revisions"}],"predecessor-version":[{"id":182,"href":"https:\/\/bolkowo.pl\/index.php?rest_route=\/wp\/v2\/pages\/92\/revisions\/182"}],"wp:attachment":[{"href":"https:\/\/bolkowo.pl\/index.php?rest_route=%2Fwp%2Fv2%2Fmedia&parent=92"}],"curies":[{"name":"wp","href":"https:\/\/api.w.org\/{rel}","templated":true}]}}